{"id":1966,"date":"2026-03-20T05:23:58","date_gmt":"2026-03-19T22:23:58","guid":{"rendered":"https:\/\/hotlinetaxi.vn\/?post_type=product&#038;p=1966"},"modified":"2026-03-20T05:23:58","modified_gmt":"2026-03-19T22:23:58","slug":"sap-thom-o-to-areon-ken-coffee-huong-ca-phe","status":"publish","type":"product","link":"https:\/\/hotlinetaxi.vn\/?product=sap-thom-o-to-areon-ken-coffee-huong-ca-phe","title":{"rendered":"S\u00e1p th\u01a1m \u00f4 t\u00f4 Areon Ken Coffee \u2013 H\u01b0\u01a1ng c\u00e0 ph\u00ea"},"content":{"rendered":"<p>S\u00e1p th\u01a1m \u00f4 t\u00f4 Areon Ken Coffee cao c\u1ea5p \u2013 Nh\u1eadp kh\u1ea9u ch\u00ednh h\u00e3ng t\u1eeb Bulgaria. H\u01b0\u01a1ng th\u01a1m c\u00e0 ph\u00ea chi\u1ebft xu\u1ea5t 100% t\u1ef1 nhi\u00ean , mang l\u1ea1i c\u1ea3m gi\u00e1c d\u1ec5 ch\u1ecbu khi l\u00e1i xe.<\/p>\n<p>Th\u00f4ng tin s\u1ea3n ph\u1ea9m s\u00e1p th\u01a1m \u00f4 t\u00f4 Areon Ken Coffee \u2013 H\u01b0\u01a1ng c\u00e0 ph\u00ea<br \/>\nTh\u01b0\u01a1ng hi\u1ec7u: Areon<br \/>\nXu\u1ea5t x\u1ee9: Bulgaria<br \/>\nS\u00e1p th\u01a1m \u00f4 t\u00f4 Areon Ken Coffee \u2013 h\u01b0\u01a1ng c\u00e0 ph\u00ea \u0111\u01b0\u1ee3c s\u1ea3n xu\u1ea5t t\u1ea1i Bulgaria \u2013 \u0111\u1ea5t n\u01b0\u1edbc n\u1ed5i ti\u1ebfng v\u1ec1 s\u1ea3n xu\u1ea5t tinh d\u1ea7u v\u00e0 n\u01b0\u1edbc hoa. S\u00e1p th\u01a1m l\u00e0 m\u1ed9t trong nhi\u1ec1u d\u00f2ng s\u1ea3n ph\u1ea9m c\u1ee7a th\u01b0\u01a1ng hi\u1ec7u n\u01b0\u1edbc hoa \u00f4 t\u00f4 Areon. Hi\u1ec7n nay, Areon l\u00e0 th\u01b0\u01a1ng hi\u1ec7u s\u1ed1 1 th\u1ebf gi\u1edbi v\u1ec1 n\u01b0\u1edbc hoa \u00f4 t\u00f4, \u0111\u01b0\u1ee3c kh\u00e1ch h\u00e0ng tin d\u00f9ng v\u00e0 \u0111\u00e1nh gi\u00e1 cao.<\/p>\n<p>N\u01b0\u1edbc hoa c\u1ee7a Areon hi\u1ec7n c\u00f3 m\u1eb7t \u1edf tr\u00ean g\u1ea7n 100 qu\u1ed1c gia v\u00e0 v\u00f9ng l\u00e3nh th\u1ed5 tr\u00ean to\u00e0n th\u1ebf gi\u1edbi. T\u1ea1i Vi\u1ec7t Nam, c\u00e1c s\u1ea3n ph\u1ea9m c\u1ee7a Areon l\u1ea7n \u0111\u1ea7u ti\u00ean \u0111\u01b0\u1ee3c t\u1edbi tay ng\u01b0\u1eddi ti\u00eau d\u00f9ng v\u00e0o n\u0103m 2014. S\u1ea3n ph\u1ea9m \u0111\u01b0\u1ee3c nh\u1eadp kh\u1ea9u v\u00e0 ph\u00e2n ph\u1ed1i \u0111\u1ed9c quy\u1ec1n b\u1edfi c\u00f4ng ty TNHH D\u1ecbch v\u1ee5 ATA Vi\u1ec7t Nam.<br \/>\n<img loading=\"lazy\" decoding=\"async\" class=\"alignnone size-medium wp-image-1968\" src=\"https:\/\/hotlinetaxi.vn\/wp-content\/uploads\/2026\/03\/bdeb2665c0e26fdfc8bf52ebec5a53b7.Sap-thom-o-to-Areon-Ken-Coffee-1-300x300.webp\" alt=\"\" width=\"300\" height=\"300\" srcset=\"https:\/\/hotlinetaxi.vn\/wp-content\/uploads\/2026\/03\/bdeb2665c0e26fdfc8bf52ebec5a53b7.Sap-thom-o-to-Areon-Ken-Coffee-1-300x300.webp 300w, https:\/\/hotlinetaxi.vn\/wp-content\/uploads\/2026\/03\/bdeb2665c0e26fdfc8bf52ebec5a53b7.Sap-thom-o-to-Areon-Ken-Coffee-1-150x150.webp 150w, https:\/\/hotlinetaxi.vn\/wp-content\/uploads\/2026\/03\/bdeb2665c0e26fdfc8bf52ebec5a53b7.Sap-thom-o-to-Areon-Ken-Coffee-1-100x100.webp 100w, https:\/\/hotlinetaxi.vn\/wp-content\/uploads\/2026\/03\/bdeb2665c0e26fdfc8bf52ebec5a53b7.Sap-thom-o-to-Areon-Ken-Coffee-1.webp 600w\" sizes=\"auto, (max-width: 300px) 100vw, 300px\" \/><br \/>\nS\u00e1p th\u01a1m \u00f4 t\u00f4 Areon Ken Coffee<\/p>\n<p>M\u00f9i h\u01b0\u01a1ng v\u00e0 c\u00e1ch t\u1ecfa h\u01b0\u01a1ng<br \/>\nM\u00f9i h\u01b0\u01a1ng: h\u01b0\u01a1ng c\u00e0 ph\u00ea \u0111\u01b0\u1ee3c chi\u1ebft xu\u1ea5t 100% t\u1eeb t\u1ef1 nhi\u00ean.<br \/>\nC\u00e1ch t\u1ecfa h\u01b0\u01a1ng: t\u1ef1 khu\u1ebfch t\u00e1n h\u01b0\u01a1ng th\u01a1m.<br \/>\n\u0110\u1eb7c t\u00ednh c\u1ee7a S\u00e1p th\u01a1m \u00f4 t\u00f4 Areon Ken Coffee<br \/>\nS\u00e1p th\u01a1m Areon \u0111\u01b0\u1ee3c chi\u1ebft xu\u1ea5t t\u1eeb c\u00e0 ph\u00ea nguy\u00ean ch\u1ea5t, t\u1ef1 nhi\u00ean, kh\u00f4ng ch\u1ee9a c\u1ed3n v\u00e0 h\u00f3a ch\u1ea5t.<br \/>\nAn to\u00e0n cho s\u1ee9c kh\u1ecfe ng\u01b0\u1eddi d\u00f9ng \u0111\u1eb7c bi\u1ec7t l\u00e0 ph\u1ee5 n\u1eef v\u00e0 tr\u1ebb em, th\u00e2n thi\u1ec7n v\u1edbi m\u00f4i tr\u01b0\u1eddng.<br \/>\nS\u1ea3n xu\u1ea5t t\u1ea1i Bulgaria v\u1edbi c\u00f4ng ngh\u1ec7 hi\u1ec7n \u0111\u1ea1i, \u0111\u1ea1t ti\u00eau chu\u1ea9n ch\u00e2u \u00c2u.<br \/>\nThi\u1ebft k\u1ebf tinh t\u1ebf, nh\u1ecf g\u1ecdn, th\u00edch h\u1ee3p \u0111\u1eb7t \u1edf c\u00e1c v\u1ecb tr\u00ed taplo, h\u1ed9c c\u1ea7n s\u1ed1,\u2026 ph\u00f9 h\u1ee3p v\u1edbi c\u00e1c lo\u1ea1i xe h\u01a1i.<br \/>\nC\u00f3 kh\u1ea3 n\u0103ng t\u1ef1 khu\u1ebfch t\u00e1n h\u01b0\u01a1ng th\u01a1m hi\u1ec7u qu\u1ea3.<br \/>\nC\u00f4ng d\u1ee5ng c\u1ee7a s\u00e1p th\u01a1m xe h\u01a1i<br \/>\nKh\u1eed m\u00f9i ph\u00e1t sinh trong xe nh\u01b0 m\u00f9i n\u1ed9i th\u1ea5t, m\u00f9i thu\u1ed1c l\u00e1, m\u00f9i h\u00f4i, m\u00f9i \u0111\u1ed3 \u0103n,\u2026<br \/>\nDi\u1ec7t vi khu\u1ea9n g\u00e2y m\u00f9i v\u00e0 xua \u0111u\u1ed5i c\u00f4n tr\u00f9ng nhanh ch\u00f3ng.<br \/>\nH\u01b0\u01a1ng c\u00e0 ph\u00ea k\u00edch th\u00edch s\u1ef1 t\u1eadp trung, t\u1ec9nh t\u00e1o gi\u00fap b\u1ea1n l\u00e1i xe an to\u00e0n.<br \/>\nThanh l\u1ecdc kh\u00f4ng kh\u00ed gi\u00fap kh\u00f4ng gian th\u01a1m m\u00e1t, trong s\u1ea1ch, kh\u00f4ng g\u00e2y \u0111au \u0111\u1ea7u, ch\u1ed1ng say xe.<br \/>\nS\u00e1p th\u01a1m c\u0169ng l\u00e0 v\u1eadt d\u1ee5ng trang tr\u00ed x\u1ebf h\u1ed9p gi\u00fap cho xe b\u1ea1n tr\u1edf n\u00ean sang tr\u1ecdng, n\u00e2ng t\u1ea7m \u0111\u1eb3ng c\u1ea5p.<br \/>\n\u0110a d\u1ee5ng, s\u1eed d\u1ee5ng v\u1edbi nhi\u1ec1u l\u1ee3i \u00edch kh\u00e1c nhau. Kh\u00f4ng ch\u1ec9 d\u00f9ng cho xe \u00f4 t\u00f4, c\u00f3 th\u1ec3 d\u00f9ng cho ph\u00f2ng, nh\u00e0 v\u1ec7 sinh, kho,\u2026.<br \/>\nH\u01b0\u1edbng d\u1eabn s\u1eed d\u1ee5ng s\u00e1p th\u01a1m \u00f4 t\u00f4<br \/>\nB\u01b0\u1edbc 1: Th\u00e1o n\u1eafp nh\u1ef1a \u0111i\u1ec1u ch\u1ec9nh t\u1ecfa h\u01b0\u01a1ng b\u00ean tr\u00ean h\u1ed9p.<\/p>\n<p>B\u01b0\u1edbc 2: Th\u00e1o n\u1eafp kim lo\u1ea1i b\u00ean trong ra.<\/p>\n<p>B\u01b0\u1edbc 3: \u0110\u1eady n\u1eafp nh\u1ef1a \u0111i\u1ec1u ch\u1ec9nh t\u1ecfa h\u01b0\u01a1ng v\u00e0o h\u1ed9p.<\/p>\n<p>B\u01b0\u1edbc 4: \u0110i\u1ec1u ch\u1ec9nh l\u01b0u l\u01b0\u1ee3ng t\u1ecfa h\u01b0\u01a1ng ph\u00f9 h\u1ee3p v\u1edbi s\u1edf th\u00edch b\u1eb1ng thanh g\u1ea1t t\u1ea1i n\u1eafp nh\u1ef1a.<\/p>\n<p>B\u01b0\u1edbc 5: \u0110\u1eb7t s\u00e1p th\u01a1m t\u1ea1i v\u1ecb tr\u00ed th\u00edch h\u1ee3p trong xe: Taplo, h\u1ed9c \u0111\u1ef1ng \u0111\u1ed3, c\u1ea7n s\u1ed1,\u2026<\/p>\n<p><img loading=\"lazy\" decoding=\"async\" class=\"alignnone size-medium wp-image-1969\" src=\"https:\/\/hotlinetaxi.vn\/wp-content\/uploads\/2026\/03\/bdeb2665c0e26fdfc8bf52ebec5a53b7.Sap-thom-o-to-Areon-Ken-Coffee-2-300x300.webp\" alt=\"\" width=\"300\" height=\"300\" srcset=\"https:\/\/hotlinetaxi.vn\/wp-content\/uploads\/2026\/03\/bdeb2665c0e26fdfc8bf52ebec5a53b7.Sap-thom-o-to-Areon-Ken-Coffee-2-300x300.webp 300w, https:\/\/hotlinetaxi.vn\/wp-content\/uploads\/2026\/03\/bdeb2665c0e26fdfc8bf52ebec5a53b7.Sap-thom-o-to-Areon-Ken-Coffee-2-150x150.webp 150w, https:\/\/hotlinetaxi.vn\/wp-content\/uploads\/2026\/03\/bdeb2665c0e26fdfc8bf52ebec5a53b7.Sap-thom-o-to-Areon-Ken-Coffee-2-100x100.webp 100w, https:\/\/hotlinetaxi.vn\/wp-content\/uploads\/2026\/03\/bdeb2665c0e26fdfc8bf52ebec5a53b7.Sap-thom-o-to-Areon-Ken-Coffee-2.webp 600w\" sizes=\"auto, (max-width: 300px) 100vw, 300px\" \/><\/p>\n<p>S\u00e1p th\u01a1m \u00f4 t\u00f4 Areon Ken Coffee<\/p>\n","protected":false},"excerpt":{"rendered":"<p>Th\u01b0\u01a1ng hi\u1ec7u: Areon<br \/>\nXu\u1ea5t x\u1ee9: Bulgaria<br \/>\nD\u00f9ng cho \u00f4 t\u00f4 &#038; kh\u00f4ng gian gia \u0111\u00ecnh, v\u0103n ph\u00f2ng, kh\u00e1ch s\u1ea1n<br \/>\nKh\u1eed m\u00f9i, t\u1ea1o h\u01b0\u01a1ng th\u01a1m m\u00f9i cafe<br \/>\n100% chi\u1ebft xu\u1ea5t t\u1eeb thi\u00ean nhi\u00ean, \u0111\u1ea3m b\u1ea3o ch\u1ea5t l\u01b0\u1ee3ng v\u00e0 an to\u00e0n v\u1ec1 s\u1ee9c kh\u1ecfe<br \/>\nTh\u1eddi gian s\u1eed d\u1ee5ng: 4-5 th\u00e1ng<\/p>\n","protected":false},"featured_media":1967,"comment_status":"open","ping_status":"closed","template":"","meta":[],"product_brand":[],"product_cat":[45],"product_tag":[],"class_list":{"0":"post-1966","1":"product","2":"type-product","3":"status-publish","4":"has-post-thumbnail","6":"product_cat-sphotnhat","8":"first","9":"instock","10":"sale","11":"shipping-taxable","12":"purchasable","13":"product-type-simple"},"_links":{"self":[{"href":"https:\/\/hotlinetaxi.vn\/index.php?rest_route=\/wp\/v2\/product\/1966","targetHints":{"allow":["GET"]}}],"collection":[{"href":"https:\/\/hotlinetaxi.vn\/index.php?rest_route=\/wp\/v2\/product"}],"about":[{"href":"https:\/\/hotlinetaxi.vn\/index.php?rest_route=\/wp\/v2\/types\/product"}],"replies":[{"embeddable":true,"href":"https:\/\/hotlinetaxi.vn\/index.php?rest_route=%2Fwp%2Fv2%2Fcomments&post=1966"}],"wp:featuredmedia":[{"embeddable":true,"href":"https:\/\/hotlinetaxi.vn\/index.php?rest_route=\/wp\/v2\/media\/1967"}],"wp:attachment":[{"href":"https:\/\/hotlinetaxi.vn\/index.php?rest_route=%2Fwp%2Fv2%2Fmedia&parent=1966"}],"wp:term":[{"taxonomy":"product_brand","embeddable":true,"href":"https:\/\/hotlinetaxi.vn\/index.php?rest_route=%2Fwp%2Fv2%2Fproduct_brand&post=1966"},{"taxonomy":"product_cat","embeddable":true,"href":"https:\/\/hotlinetaxi.vn\/index.php?rest_route=%2Fwp%2Fv2%2Fproduct_cat&post=1966"},{"taxonomy":"product_tag","embeddable":true,"href":"https:\/\/hotlinetaxi.vn\/index.php?rest_route=%2Fwp%2Fv2%2Fproduct_tag&post=1966"}],"curies":[{"name":"wp","href":"https:\/\/api.w.org\/{rel}","templated":true}]}}